{"id":327,"date":"2016-01-21T11:26:30","date_gmt":"2016-01-21T11:26:30","guid":{"rendered":"http:\/\/wellspring.mikado-themes.com\/?page_id=327"},"modified":"2023-03-30T14:05:10","modified_gmt":"2023-03-30T12:05:10","slug":"narrow-home","status":"publish","type":"page","link":"https:\/\/sophrologuecergy.com\/","title":{"rendered":"Sophrologue Cergy"},"content":{"rendered":"<p>[vc_row content_width=&#8221;grid&#8221; css=&#8221;.vc_custom_1454945253043{padding-top: 20px !important;}&#8221;][vc_column][rev_slider_vc alias=&#8221;narrow-home&#8221;][\/vc_column][\/vc_row][vc_row content_width=&#8221;grid&#8221; css=&#8221;.vc_custom_1632776053174{border-top-width: 1px !important;padding-bottom: 94px !important;background-color: #fafafa !important;border-top-color: #f2f2f2 !important;border-top-style: solid !important;}&#8221;][vc_column][vc_row_inner][vc_column_inner width=&#8221;1\/4&#8243;][\/vc_column_inner][vc_column_inner width=&#8221;1\/4&#8243;][vc_empty_space height=&#8221;120px&#8221;][vc_single_image image=&#8221;3763&#8243; img_size=&#8221;full&#8221; alignment=&#8221;center&#8221;][vc_column_text]<a href=\"https:\/\/www.crenolib.fr\/prendre-rdv\/56578_sophrologue-a-marines\" target=\"_blank\" rel=\"noopener\">Sophrologue bas\u00e9e \u00e0 Cergy et Marines<\/a>, je vous accompagne avec les outils de <a href=\"https:\/\/sophrologuecergy.com\/index.php\/quest-ce-que-la-pnl\/\"><strong>la Programmation Neuro Linguistique<\/strong><\/a> et bien entendu ceux de <strong><a href=\"https:\/\/sophrologuecergy.com\/index.php\/quest-ce-que-la-sophrologie\/\">la sophrologie<\/a>.<\/strong><\/p>\n<p>Les deux approches sont parfaitement compl\u00e9mentaires pour traiter l&#8217;ensemble des probl\u00e9matiques de mani\u00e8re adapt\u00e9e et efficace.<\/p>\n<p><strong>Ensemble<\/strong> nous avan\u00e7ons\u00a0\u00e0 <strong>votre rythme<\/strong>, vers <strong>vos objectifs<\/strong> pour retrouver <strong>rapidement<\/strong> <strong>confiance en vous<\/strong> et en <strong>vos capacit\u00e9s. <\/strong>N&#8217;h\u00e9sitez pas \u00e0 vous rapprocher de votre sophrologue sur Cergy et Marines.[\/vc_column_text][vc_empty_space height=&#8221;20px&#8221;][\/vc_column_inner][vc_column_inner width=&#8221;1\/4&#8243;][vc_empty_space height=&#8221;200px&#8221;][vc_single_image image=&#8221;3757&#8243; img_size=&#8221;full&#8221; css=&#8221;.vc_custom_1631651362085{padding-bottom: 4em !important;}&#8221;][\/vc_column_inner][vc_column_inner width=&#8221;1\/4&#8243;][\/vc_column_inner][\/vc_row_inner][vc_row_inner][vc_column_inner width=&#8221;1\/4&#8243;][\/vc_column_inner][vc_column_inner width=&#8221;1\/2&#8243; css=&#8221;.vc_custom_1632776535285{margin-bottom: 64px !important;}&#8221;][vc_btn title=&#8221;Cliquez ici pour prendre rendez-vous sur Marines&#8221; style=&#8221;classic&#8221; color=&#8221;peacoc&#8221; size=&#8221;lg&#8221; align=&#8221;center&#8221; button_block=&#8221;true&#8221; link=&#8221;url:https%3A%2F%2Fwww.crenolib.fr%2Fprendre-rdv%2F56578_sophrologue-a-marines|target:_blank&#8221;][\/vc_column_inner][vc_column_inner width=&#8221;1\/4&#8243;][\/vc_column_inner][\/vc_row_inner][vc_row_inner][vc_column_inner width=&#8221;1\/4&#8243;][vc_single_image image=&#8221;3798&#8243; img_size=&#8221;full&#8221;][vc_column_text css=&#8221;.vc_custom_1632777903594{padding-bottom: 4em !important;}&#8221;]<\/p>\n<h4><span style=\"color: #1aacba;\"><strong>Troubles psychologiques et \u00e9motionnels, conflits int\u00e9rieurs<\/strong><\/span><\/h4>\n<ul>\n<li>Burn-out<\/li>\n<li>Gestion du stress.<\/li>\n<li>Etat d\u00e9pressif mal-\u00eatre d\u00e9prime.<\/li>\n<li>Angoisse.<\/li>\n<li>Troubles du sommeil.<\/li>\n<li>Troubles du comportement alimentaire.<\/li>\n<li>Gestion des \u00e9motions.<\/li>\n<li>Deuil, s\u00e9parations &#8230;<\/li>\n<\/ul>\n<p>[\/vc_column_text][\/vc_column_inner][vc_column_inner width=&#8221;1\/4&#8243;][vc_single_image image=&#8221;3799&#8243; img_size=&#8221;full&#8221;][vc_column_text css=&#8221;.vc_custom_1631651432411{padding-bottom: 4em !important;}&#8221;]<\/p>\n<h4><span style=\"color: #1aacba;\"><strong>Troubles comportementaux<\/strong><\/span><\/h4>\n<ul>\n<li>D\u00e9pendances (alcool, drogues, tabac, jeux, \u00e9crans\u2026).<\/li>\n<li>Phobies.<\/li>\n<\/ul>\n<p>[\/vc_column_text][\/vc_column_inner][vc_column_inner width=&#8221;1\/4&#8243;][vc_single_image image=&#8221;3796&#8243; img_size=&#8221;full&#8221;][vc_column_text css=&#8221;.vc_custom_1631651438565{padding-bottom: 4em !important;}&#8221;]<\/p>\n<h4><span style=\"color: #1aacba;\"><strong>D\u00e9veloppement personnel<\/strong><\/span><\/h4>\n<ul>\n<li>Am\u00e9lioration des potentiels et ressources.<\/li>\n<li>Confiance, valeur et estime de soi.<\/li>\n<li>Performances intellectuelles et\/ou sportives.<\/li>\n<li>M\u00e9moire, Apprentissage, Concentration.<\/li>\n<li>Cr\u00e9ativit\u00e9, Intuition.<\/li>\n<li>Pr\u00e9paration mentale aux concours\/examens\/rdv professionnels, \u00e9preuves sportives&#8230;<\/li>\n<\/ul>\n<p>[\/vc_column_text][\/vc_column_inner][vc_column_inner width=&#8221;1\/4&#8243;][vc_single_image image=&#8221;3797&#8243; img_size=&#8221;full&#8221;][vc_column_text css=&#8221;.vc_custom_1631651444817{padding-bottom: 4em !important;}&#8221;]<\/p>\n<h4><span style=\"color: #1aacba;\"><strong>R\u00e9alisation professionnelle<\/strong><\/span><\/h4>\n<ul>\n<li>Orientation Scolaire<\/li>\n<li>G\u00e9rer son stress pour un entretien \/un oral<\/li>\n<li>G\u00e9rer ses priorit\u00e9s<\/li>\n<li>Sortir d\u2019une situation conflictuelle<\/li>\n<li>Cr\u00e9er un projet<\/li>\n<\/ul>\n<p>[\/vc_column_text][\/vc_column_inner][\/vc_row_inner][vc_row_inner][vc_column_inner width=&#8221;1\/4&#8243;][\/vc_column_inner][vc_column_inner width=&#8221;1\/2&#8243;][vc_empty_space height=&#8221;64px&#8221;][vc_column_text el_class=&#8221;texte-plus-grand&#8221;]<span style=\"color: #1aacba;\"><em>L\u2019accompagnement par la Sophrologie et la Programmation Neuro Linguistique (PNL) ne se substitue \u00e0 aucun avis ni traitement m\u00e9dical.<\/em><\/span><\/p>\n<p><span style=\"color: #1aacba;\"><em>Les s\u00e9ances s\u2019inscrivent uniquement dans une d\u00e9marche de bien-\u00eatre. Elles ne dispensent pas de consulter un professionnel de la sant\u00e9, chaque fois que cela est n\u00e9cessaire.<\/em><\/span><\/p>\n<p><span style=\"color: #1aacba;\"><strong><em>Les personnes psychotiques ne peuvent \u00eatre accompagn\u00e9es en th\u00e9rapies br\u00e8ves mais exclusivement par un psychiatre en France.<\/em><\/strong><\/span>[\/vc_column_text][\/vc_column_inner][vc_column_inner width=&#8221;1\/4&#8243;][\/vc_column_inner][\/vc_row_inner][\/vc_column][vc_column][\/vc_column][\/vc_row]<\/p>\n","protected":false},"excerpt":{"rendered":"<p>[vc_row content_width=&#8221;grid&#8221; css=&#8221;.vc_custom_1454945253043{padding-top: 20px !important;}&#8221;][vc_column][rev_slider_vc alias=&#8221;narrow-home&#8221;][\/vc_column][\/vc_row][vc_row content_width=&#8221;grid&#8221; css=&#8221;.vc_custom_1632776053174{border-top-width: 1px !important;padding-bottom: 94px !important;background-color: #fafafa !important;border-top-color: #f2f2f2 !important;border-top-style: solid !important;}&#8221;][vc_column][vc_row_inner][vc_column_inner width=&#8221;1\/4&#8243;][\/vc_column_inner][vc_column_inner width=&#8221;1\/4&#8243;][vc_empty_space height=&#8221;120px&#8221;][vc_single_image image=&#8221;3763&#8243; img_size=&#8221;full&#8221; alignment=&#8221;center&#8221;][vc_column_text]Sophrologue bas\u00e9e \u00e0 Cergy et Marines, je vous accompagne&#8230;<\/p>\n","protected":false},"author":1,"featured_media":0,"parent":0,"menu_order":0,"comment_status":"closed","ping_status":"closed","template":"full-width.php","meta":[],"yoast_head":"<!-- This site is optimized with the Yoast SEO plugin v17.1 - https:\/\/yoast.com\/wordpress\/plugins\/seo\/ -->\n<title>Sophrologue Cergy - Marjorie Galliez, Sophrologue \u00e0 Cergy<\/title>\n<meta name=\"description\" content=\"Sophrologue bas\u00e9e \u00e0 Cergy et Marines, je vous accompagne avec les outils de la Programmation Neuro Linguistique et bien entendu ceux de la sophrologie.\" \/>\n<meta name=\"robots\" content=\"index, follow, max-snippet:-1, max-image-preview:large, max-video-preview:-1\" \/>\n<link rel=\"canonical\" href=\"https:\/\/sophrologuecergy.com\/\" \/>\n<meta property=\"og:locale\" content=\"fr_FR\" \/>\n<meta property=\"og:type\" content=\"article\" \/>\n<meta property=\"og:title\" content=\"Sophrologue Cergy - Marjorie Galliez, Sophrologue \u00e0 Cergy\" \/>\n<meta property=\"og:description\" content=\"Sophrologue bas\u00e9e \u00e0 Cergy et Marines, je vous accompagne avec les outils de la Programmation Neuro Linguistique et bien entendu ceux de la sophrologie.\" \/>\n<meta property=\"og:url\" content=\"https:\/\/sophrologuecergy.com\/\" \/>\n<meta property=\"og:site_name\" content=\"Marjorie Galliez, Sophrologue \u00e0 Cergy\" \/>\n<meta property=\"article:modified_time\" content=\"2023-03-30T12:05:10+00:00\" \/>\n<meta name=\"twitter:card\" content=\"summary_large_image\" \/>\n<meta name=\"twitter:label1\" content=\"Dur\u00e9e de lecture est.\" \/>\n\t<meta name=\"twitter:data1\" content=\"2 minutes\" \/>\n<script type=\"application\/ld+json\" class=\"yoast-schema-graph\">{\"@context\":\"https:\/\/schema.org\",\"@graph\":[{\"@type\":\"Organization\",\"@id\":\"https:\/\/sophrologuecergy.com\/#organization\",\"name\":\"Marjorie Galliez\",\"url\":\"https:\/\/sophrologuecergy.com\/\",\"sameAs\":[\"https:\/\/fr.linkedin.com\/in\/marjorie-galliez-8546bb68\"],\"logo\":{\"@type\":\"ImageObject\",\"@id\":\"https:\/\/sophrologuecergy.com\/#logo\",\"inLanguage\":\"fr-FR\",\"url\":\"https:\/\/sophrologuecergy.com\/wp-content\/uploads\/2021\/09\/marjorie-galliez.jpg\",\"contentUrl\":\"https:\/\/sophrologuecergy.com\/wp-content\/uploads\/2021\/09\/marjorie-galliez.jpg\",\"width\":458,\"height\":263,\"caption\":\"Marjorie Galliez\"},\"image\":{\"@id\":\"https:\/\/sophrologuecergy.com\/#logo\"}},{\"@type\":\"WebSite\",\"@id\":\"https:\/\/sophrologuecergy.com\/#website\",\"url\":\"https:\/\/sophrologuecergy.com\/\",\"name\":\"Marjorie Galliez, Sophrologue \\u00e0 Cergy-Pontoise\",\"description\":\"Un instant pour soi, pour un mieux \\u00eatre au quotidien\",\"publisher\":{\"@id\":\"https:\/\/sophrologuecergy.com\/#organization\"},\"potentialAction\":[{\"@type\":\"SearchAction\",\"target\":{\"@type\":\"EntryPoint\",\"urlTemplate\":\"https:\/\/sophrologuecergy.com\/?s={search_term_string}\"},\"query-input\":\"required name=search_term_string\"}],\"inLanguage\":\"fr-FR\"},{\"@type\":\"WebPage\",\"@id\":\"https:\/\/sophrologuecergy.com\/#webpage\",\"url\":\"https:\/\/sophrologuecergy.com\/\",\"name\":\"Sophrologue Cergy - Marjorie Galliez, Sophrologue \\u00e0 Cergy\",\"isPartOf\":{\"@id\":\"https:\/\/sophrologuecergy.com\/#website\"},\"datePublished\":\"2016-01-21T11:26:30+00:00\",\"dateModified\":\"2023-03-30T12:05:10+00:00\",\"description\":\"Sophrologue bas\\u00e9e \\u00e0 Cergy et Marines, je vous accompagne avec les outils de la Programmation Neuro Linguistique et bien entendu ceux de la sophrologie.\",\"breadcrumb\":{\"@id\":\"https:\/\/sophrologuecergy.com\/#breadcrumb\"},\"inLanguage\":\"fr-FR\",\"potentialAction\":[{\"@type\":\"ReadAction\",\"target\":[\"https:\/\/sophrologuecergy.com\/\"]}]},{\"@type\":\"BreadcrumbList\",\"@id\":\"https:\/\/sophrologuecergy.com\/#breadcrumb\",\"itemListElement\":[{\"@type\":\"ListItem\",\"position\":1,\"name\":\"Accueil\",\"item\":\"https:\/\/sophrologuecergy.com\/\"},{\"@type\":\"ListItem\",\"position\":2,\"name\":\"Sophrologue Cergy\"}]}]}<\/script>\n<!-- \/ Yoast SEO plugin. -->","yoast_head_json":{"title":"Sophrologue Cergy - Marjorie Galliez, Sophrologue \u00e0 Cergy","description":"Sophrologue bas\u00e9e \u00e0 Cergy et Marines, je vous accompagne avec les outils de la Programmation Neuro Linguistique et bien entendu ceux de la sophrologie.","robots":{"index":"index","follow":"follow","max-snippet":"max-snippet:-1","max-image-preview":"max-image-preview:large","max-video-preview":"max-video-preview:-1"},"canonical":"https:\/\/sophrologuecergy.com\/","og_locale":"fr_FR","og_type":"article","og_title":"Sophrologue Cergy - Marjorie Galliez, Sophrologue \u00e0 Cergy","og_description":"Sophrologue bas\u00e9e \u00e0 Cergy et Marines, je vous accompagne avec les outils de la Programmation Neuro Linguistique et bien entendu ceux de la sophrologie.","og_url":"https:\/\/sophrologuecergy.com\/","og_site_name":"Marjorie Galliez, Sophrologue \u00e0 Cergy","article_modified_time":"2023-03-30T12:05:10+00:00","twitter_card":"summary_large_image","twitter_misc":{"Dur\u00e9e de lecture est.":"2 minutes"},"schema":{"@context":"https:\/\/schema.org","@graph":[{"@type":"Organization","@id":"https:\/\/sophrologuecergy.com\/#organization","name":"Marjorie Galliez","url":"https:\/\/sophrologuecergy.com\/","sameAs":["https:\/\/fr.linkedin.com\/in\/marjorie-galliez-8546bb68"],"logo":{"@type":"ImageObject","@id":"https:\/\/sophrologuecergy.com\/#logo","inLanguage":"fr-FR","url":"https:\/\/sophrologuecergy.com\/wp-content\/uploads\/2021\/09\/marjorie-galliez.jpg","contentUrl":"https:\/\/sophrologuecergy.com\/wp-content\/uploads\/2021\/09\/marjorie-galliez.jpg","width":458,"height":263,"caption":"Marjorie Galliez"},"image":{"@id":"https:\/\/sophrologuecergy.com\/#logo"}},{"@type":"WebSite","@id":"https:\/\/sophrologuecergy.com\/#website","url":"https:\/\/sophrologuecergy.com\/","name":"Marjorie Galliez, Sophrologue \u00e0 Cergy-Pontoise","description":"Un instant pour soi, pour un mieux \u00eatre au quotidien","publisher":{"@id":"https:\/\/sophrologuecergy.com\/#organization"},"potentialAction":[{"@type":"SearchAction","target":{"@type":"EntryPoint","urlTemplate":"https:\/\/sophrologuecergy.com\/?s={search_term_string}"},"query-input":"required name=search_term_string"}],"inLanguage":"fr-FR"},{"@type":"WebPage","@id":"https:\/\/sophrologuecergy.com\/#webpage","url":"https:\/\/sophrologuecergy.com\/","name":"Sophrologue Cergy - Marjorie Galliez, Sophrologue \u00e0 Cergy","isPartOf":{"@id":"https:\/\/sophrologuecergy.com\/#website"},"datePublished":"2016-01-21T11:26:30+00:00","dateModified":"2023-03-30T12:05:10+00:00","description":"Sophrologue bas\u00e9e \u00e0 Cergy et Marines, je vous accompagne avec les outils de la Programmation Neuro Linguistique et bien entendu ceux de la sophrologie.","breadcrumb":{"@id":"https:\/\/sophrologuecergy.com\/#breadcrumb"},"inLanguage":"fr-FR","potentialAction":[{"@type":"ReadAction","target":["https:\/\/sophrologuecergy.com\/"]}]},{"@type":"BreadcrumbList","@id":"https:\/\/sophrologuecergy.com\/#breadcrumb","itemListElement":[{"@type":"ListItem","position":1,"name":"Accueil","item":"https:\/\/sophrologuecergy.com\/"},{"@type":"ListItem","position":2,"name":"Sophrologue Cergy"}]}]}},"_links":{"self":[{"href":"https:\/\/sophrologuecergy.com\/index.php\/wp-json\/wp\/v2\/pages\/327"}],"collection":[{"href":"https:\/\/sophrologuecergy.com\/index.php\/wp-json\/wp\/v2\/pages"}],"about":[{"href":"https:\/\/sophrologuecergy.com\/index.php\/wp-json\/wp\/v2\/types\/page"}],"author":[{"embeddable":true,"href":"https:\/\/sophrologuecergy.com\/index.php\/wp-json\/wp\/v2\/users\/1"}],"replies":[{"embeddable":true,"href":"https:\/\/sophrologuecergy.com\/index.php\/wp-json\/wp\/v2\/comments?post=327"}],"version-history":[{"count":61,"href":"https:\/\/sophrologuecergy.com\/index.php\/wp-json\/wp\/v2\/pages\/327\/revisions"}],"predecessor-version":[{"id":4560,"href":"https:\/\/sophrologuecergy.com\/index.php\/wp-json\/wp\/v2\/pages\/327\/revisions\/4560"}],"wp:attachment":[{"href":"https:\/\/sophrologuecergy.com\/index.php\/wp-json\/wp\/v2\/media?parent=327"}],"curies":[{"name":"wp","href":"https:\/\/api.w.org\/{rel}","templated":true}]}}